{"id":172,"date":"2025-09-01T13:27:42","date_gmt":"2025-09-01T13:27:42","guid":{"rendered":"https:\/\/mertsilindgren.fi\/?page_id=172"},"modified":"2025-09-01T16:44:00","modified_gmt":"2025-09-01T16:44:00","slug":"kuvapankki","status":"publish","type":"page","link":"https:\/\/mertsilindgren.fi\/index.php\/kuvapankki\/","title":{"rendered":"Kuvapankki"},"content":{"rendered":"\t\t<div data-elementor-type=\"wp-page\" data-elementor-id=\"172\" class=\"elementor elementor-172\">\n\t\t\t\t<div class=\"elementor-element elementor-element-1493b593 e-flex e-con-boxed wpr-particle-no wpr-jarallax-no wpr-parallax-no wpr-sticky-section-no e-con e-parent\" data-id=\"1493b593\" data-element_type=\"container\" data-settings=\"{&quot;background_background&quot;:&quot;classic&quot;}\">\n\t\t\t\t\t<div class=\"e-con-inner\">\n\t\t\t\t<div class=\"elementor-element elementor-element-204a82a5 elementor-widget elementor-widget-heading\" data-id=\"204a82a5\" data-element_type=\"widget\" data-widget_type=\"heading.default\">\n\t\t\t\t\t<h2 class=\"elementor-heading-title elementor-size-default\">Kuvapankki<\/h2>\t\t\t\t<\/div>\n\t\t\t\t<div class=\"elementor-element elementor-element-707589e elementor-widget-divider--view-line elementor-widget elementor-widget-divider\" data-id=\"707589e\" data-element_type=\"widget\" data-widget_type=\"divider.default\">\n\t\t\t\t\t\t\t<div class=\"elementor-divider\">\n\t\t\t<span class=\"elementor-divider-separator\">\n\t\t\t\t\t\t<\/span>\n\t\t<\/div>\n\t\t\t\t\t\t<\/div>\n\t\t\t\t<div class=\"elementor-element elementor-element-c15105b elementor-invisible elementor-widget elementor-widget-text-editor\" data-id=\"c15105b\" data-element_type=\"widget\" data-settings=\"{&quot;_animation&quot;:&quot;fadeInUp&quot;}\" data-widget_type=\"text-editor.default\">\n\t\t\t\t\t\t\t\t\t<p>Media ja keikkaj\u00e4rjest\u00e4j\u00e4t voivat ladata Kuvia, kunhan k\u00e4yt\u00f6n yhteydess\u00e4 merkitsee kuvaajan<\/p>\t\t\t\t\t\t\t\t<\/div>\n\t\t<div class=\"elementor-element elementor-element-151e2afb e-con-full e-flex wpr-particle-no wpr-jarallax-no wpr-parallax-no wpr-sticky-section-no e-con e-child\" data-id=\"151e2afb\" data-element_type=\"container\">\n\t\t<div class=\"elementor-element elementor-element-6c507295 e-flex e-con-boxed wpr-particle-no wpr-jarallax-no wpr-parallax-no wpr-sticky-section-no e-con e-child\" data-id=\"6c507295\" data-element_type=\"container\">\n\t\t\t\t\t<div class=\"e-con-inner\">\n\t\t\t\t<div class=\"elementor-element elementor-element-01f2c23 elementor-invisible elementor-widget elementor-widget-image\" data-id=\"01f2c23\" data-element_type=\"widget\" data-settings=\"{&quot;_animation&quot;:&quot;fadeInUp&quot;}\" data-widget_type=\"image.default\">\n\t\t\t\t\t\t\t\t\t\t\t\t<figure class=\"wp-caption\">\n\t\t\t\t\t\t\t\t\t\t<img fetchpriority=\"high\" decoding=\"async\" width=\"1024\" height=\"683\" src=\"https:\/\/mertsilindgren.fi\/wp-content\/uploads\/2025\/08\/mertsi_3-1024x683.jpg\" class=\"attachment-large size-large wp-image-26\" alt=\"\" srcset=\"https:\/\/mertsilindgren.fi\/wp-content\/uploads\/2025\/08\/mertsi_3-1024x683.jpg 1024w, https:\/\/mertsilindgren.fi\/wp-content\/uploads\/2025\/08\/mertsi_3-300x200.jpg 300w, https:\/\/mertsilindgren.fi\/wp-content\/uploads\/2025\/08\/mertsi_3-768x512.jpg 768w, https:\/\/mertsilindgren.fi\/wp-content\/uploads\/2025\/08\/mertsi_3-1536x1024.jpg 1536w, https:\/\/mertsilindgren.fi\/wp-content\/uploads\/2025\/08\/mertsi_3-2048x1365.jpg 2048w\" sizes=\"(max-width: 1024px) 100vw, 1024px\" \/>\t\t\t\t\t\t\t\t\t\t\t<figcaption class=\"widget-image-caption wp-caption-text\">\u00a9 Dimitri Gr\u00f6nfors<\/figcaption>\n\t\t\t\t\t\t\t\t\t\t<\/figure>\n\t\t\t\t\t\t\t\t\t<\/div>\n\t\t\t\t<div class=\"elementor-element elementor-element-505912a elementor-invisible elementor-widget elementor-widget-button\" data-id=\"505912a\" data-element_type=\"widget\" data-settings=\"{&quot;_animation&quot;:&quot;fadeInUp&quot;}\" data-widget_type=\"button.default\">\n\t\t\t\t\t\t\t\t\t\t<a class=\"elementor-button elementor-button-link elementor-size-sm\" href=\"https:\/\/1drv.ms\/i\/c\/c3124481a6c85c2d\/EbdW6QUK-bdIsuQp6X6BwY0BJWWApC02xFbl74D6zMHrhA?e=btc60y\">\n\t\t\t\t\t\t<span class=\"elementor-button-content-wrapper\">\n\t\t\t\t\t\t<span class=\"elementor-button-icon\">\n\t\t\t\t<svg aria-hidden=\"true\" class=\"e-font-icon-svg e-fas-download\" viewBox=\"0 0 512 512\" xmlns=\"http:\/\/www.w3.org\/2000\/svg\"><path d=\"M216 0h80c13.3 0 24 10.7 24 24v168h87.7c17.8 0 26.7 21.5 14.1 34.1L269.7 378.3c-7.5 7.5-19.8 7.5-27.3 0L90.1 226.1c-12.6-12.6-3.7-34.1 14.1-34.1H192V24c0-13.3 10.7-24 24-24zm296 376v112c0 13.3-10.7 24-24 24H24c-13.3 0-24-10.7-24-24V376c0-13.3 10.7-24 24-24h146.7l49 49c20.1 20.1 52.5 20.1 72.6 0l49-49H488c13.3 0 24 10.7 24 24zm-124 88c0-11-9-20-20-20s-20 9-20 20 9 20 20 20 20-9 20-20zm64 0c0-11-9-20-20-20s-20 9-20 20 9 20 20 20 20-9 20-20z\"><\/path><\/svg>\t\t\t<\/span>\n\t\t\t\t\t\t\t\t\t<span class=\"elementor-button-text\">lataa<\/span>\n\t\t\t\t\t<\/span>\n\t\t\t\t\t<\/a>\n\t\t\t\t\t\t\t\t<\/div>\n\t\t\t\t\t<\/div>\n\t\t\t\t<\/div>\n\t\t<div class=\"elementor-element elementor-element-79f1755b e-flex e-con-boxed wpr-particle-no wpr-jarallax-no wpr-parallax-no wpr-sticky-section-no e-con e-child\" data-id=\"79f1755b\" data-element_type=\"container\">\n\t\t\t\t\t<div class=\"e-con-inner\">\n\t\t\t\t<div class=\"elementor-element elementor-element-f52af8e elementor-invisible elementor-widget elementor-widget-image\" data-id=\"f52af8e\" data-element_type=\"widget\" data-settings=\"{&quot;_animation&quot;:&quot;fadeInUp&quot;}\" data-widget_type=\"image.default\">\n\t\t\t\t\t\t\t\t\t\t\t\t<figure class=\"wp-caption\">\n\t\t\t\t\t\t\t\t\t\t<img decoding=\"async\" width=\"1024\" height=\"683\" src=\"https:\/\/mertsilindgren.fi\/wp-content\/uploads\/2025\/08\/mertsi_2-1024x683.jpg\" class=\"attachment-large size-large wp-image-25\" alt=\"\" srcset=\"https:\/\/mertsilindgren.fi\/wp-content\/uploads\/2025\/08\/mertsi_2-1024x683.jpg 1024w, https:\/\/mertsilindgren.fi\/wp-content\/uploads\/2025\/08\/mertsi_2-300x200.jpg 300w, https:\/\/mertsilindgren.fi\/wp-content\/uploads\/2025\/08\/mertsi_2-768x512.jpg 768w, https:\/\/mertsilindgren.fi\/wp-content\/uploads\/2025\/08\/mertsi_2-1536x1024.jpg 1536w, https:\/\/mertsilindgren.fi\/wp-content\/uploads\/2025\/08\/mertsi_2-2048x1365.jpg 2048w\" sizes=\"(max-width: 1024px) 100vw, 1024px\" \/>\t\t\t\t\t\t\t\t\t\t\t<figcaption class=\"widget-image-caption wp-caption-text\">\u00a9 Dimitri Gr\u00f6nfors<\/figcaption>\n\t\t\t\t\t\t\t\t\t\t<\/figure>\n\t\t\t\t\t\t\t\t\t<\/div>\n\t\t\t\t<div class=\"elementor-element elementor-element-2128a78 elementor-invisible elementor-widget elementor-widget-button\" data-id=\"2128a78\" data-element_type=\"widget\" data-settings=\"{&quot;_animation&quot;:&quot;fadeInUp&quot;}\" data-widget_type=\"button.default\">\n\t\t\t\t\t\t\t\t\t\t<a class=\"elementor-button elementor-button-link elementor-size-sm\" href=\"https:\/\/1drv.ms\/i\/c\/c3124481a6c85c2d\/ESlXFirBIGNKh-m_cNa8QEcBYMTl6pJW7NFs4WDiJideOw?e=3s2741\">\n\t\t\t\t\t\t<span class=\"elementor-button-content-wrapper\">\n\t\t\t\t\t\t<span class=\"elementor-button-icon\">\n\t\t\t\t<svg aria-hidden=\"true\" class=\"e-font-icon-svg e-fas-download\" viewBox=\"0 0 512 512\" xmlns=\"http:\/\/www.w3.org\/2000\/svg\"><path d=\"M216 0h80c13.3 0 24 10.7 24 24v168h87.7c17.8 0 26.7 21.5 14.1 34.1L269.7 378.3c-7.5 7.5-19.8 7.5-27.3 0L90.1 226.1c-12.6-12.6-3.7-34.1 14.1-34.1H192V24c0-13.3 10.7-24 24-24zm296 376v112c0 13.3-10.7 24-24 24H24c-13.3 0-24-10.7-24-24V376c0-13.3 10.7-24 24-24h146.7l49 49c20.1 20.1 52.5 20.1 72.6 0l49-49H488c13.3 0 24 10.7 24 24zm-124 88c0-11-9-20-20-20s-20 9-20 20 9 20 20 20 20-9 20-20zm64 0c0-11-9-20-20-20s-20 9-20 20 9 20 20 20 20-9 20-20z\"><\/path><\/svg>\t\t\t<\/span>\n\t\t\t\t\t\t\t\t\t<span class=\"elementor-button-text\">lataa<\/span>\n\t\t\t\t\t<\/span>\n\t\t\t\t\t<\/a>\n\t\t\t\t\t\t\t\t<\/div>\n\t\t\t\t\t<\/div>\n\t\t\t\t<\/div>\n\t\t<div class=\"elementor-element elementor-element-ef939b0 e-con-full e-flex wpr-particle-no wpr-jarallax-no wpr-parallax-no wpr-sticky-section-no e-con e-child\" data-id=\"ef939b0\" data-element_type=\"container\">\n\t\t\t\t<div class=\"elementor-element elementor-element-e740e1b elementor-invisible elementor-widget elementor-widget-image\" data-id=\"e740e1b\" data-element_type=\"widget\" data-settings=\"{&quot;_animation&quot;:&quot;fadeInUp&quot;}\" data-widget_type=\"image.default\">\n\t\t\t\t\t\t\t\t\t\t\t\t<figure class=\"wp-caption\">\n\t\t\t\t\t\t\t\t\t\t<img decoding=\"async\" width=\"1024\" height=\"683\" src=\"https:\/\/mertsilindgren.fi\/wp-content\/uploads\/2025\/08\/mertsi-1024x683.jpg\" class=\"attachment-large size-large wp-image-27\" alt=\"\" srcset=\"https:\/\/mertsilindgren.fi\/wp-content\/uploads\/2025\/08\/mertsi-1024x683.jpg 1024w, https:\/\/mertsilindgren.fi\/wp-content\/uploads\/2025\/08\/mertsi-300x200.jpg 300w, https:\/\/mertsilindgren.fi\/wp-content\/uploads\/2025\/08\/mertsi-768x512.jpg 768w, https:\/\/mertsilindgren.fi\/wp-content\/uploads\/2025\/08\/mertsi-1536x1024.jpg 1536w, https:\/\/mertsilindgren.fi\/wp-content\/uploads\/2025\/08\/mertsi-2048x1365.jpg 2048w\" sizes=\"(max-width: 1024px) 100vw, 1024px\" \/>\t\t\t\t\t\t\t\t\t\t\t<figcaption class=\"widget-image-caption wp-caption-text\">\u00a9 Dimitri Gr\u00f6nfors<\/figcaption>\n\t\t\t\t\t\t\t\t\t\t<\/figure>\n\t\t\t\t\t\t\t\t\t<\/div>\n\t\t\t\t<div class=\"elementor-element elementor-element-717a007 elementor-invisible elementor-widget elementor-widget-button\" data-id=\"717a007\" data-element_type=\"widget\" data-settings=\"{&quot;_animation&quot;:&quot;fadeInUp&quot;}\" data-widget_type=\"button.default\">\n\t\t\t\t\t\t\t\t\t\t<a class=\"elementor-button elementor-button-link elementor-size-sm\" href=\"https:\/\/1drv.ms\/i\/c\/c3124481a6c85c2d\/EWeK8uSY7y1GkXWsSaViywkBGGJLKlK1Hewvo6AfbxHluw?e=XUnYVp\">\n\t\t\t\t\t\t<span class=\"elementor-button-content-wrapper\">\n\t\t\t\t\t\t<span class=\"elementor-button-icon\">\n\t\t\t\t<svg aria-hidden=\"true\" class=\"e-font-icon-svg e-fas-download\" viewBox=\"0 0 512 512\" xmlns=\"http:\/\/www.w3.org\/2000\/svg\"><path d=\"M216 0h80c13.3 0 24 10.7 24 24v168h87.7c17.8 0 26.7 21.5 14.1 34.1L269.7 378.3c-7.5 7.5-19.8 7.5-27.3 0L90.1 226.1c-12.6-12.6-3.7-34.1 14.1-34.1H192V24c0-13.3 10.7-24 24-24zm296 376v112c0 13.3-10.7 24-24 24H24c-13.3 0-24-10.7-24-24V376c0-13.3 10.7-24 24-24h146.7l49 49c20.1 20.1 52.5 20.1 72.6 0l49-49H488c13.3 0 24 10.7 24 24zm-124 88c0-11-9-20-20-20s-20 9-20 20 9 20 20 20 20-9 20-20zm64 0c0-11-9-20-20-20s-20 9-20 20 9 20 20 20 20-9 20-20z\"><\/path><\/svg>\t\t\t<\/span>\n\t\t\t\t\t\t\t\t\t<span class=\"elementor-button-text\">lataa<\/span>\n\t\t\t\t\t<\/span>\n\t\t\t\t\t<\/a>\n\t\t\t\t\t\t\t\t<\/div>\n\t\t\t\t<\/div>\n\t\t\t\t<\/div>\n\t\t<div class=\"elementor-element elementor-element-5eb84e0 e-con-full e-flex wpr-particle-no wpr-jarallax-no wpr-parallax-no wpr-sticky-section-no e-con e-child\" data-id=\"5eb84e0\" data-element_type=\"container\">\n\t\t<div class=\"elementor-element elementor-element-2eea2fd e-flex e-con-boxed wpr-particle-no wpr-jarallax-no wpr-parallax-no wpr-sticky-section-no e-con e-child\" data-id=\"2eea2fd\" data-element_type=\"container\">\n\t\t\t\t\t<div class=\"e-con-inner\">\n\t\t\t\t<div class=\"elementor-element elementor-element-7f05b06 elementor-invisible elementor-widget elementor-widget-image\" data-id=\"7f05b06\" data-element_type=\"widget\" data-settings=\"{&quot;_animation&quot;:&quot;fadeInUp&quot;}\" data-widget_type=\"image.default\">\n\t\t\t\t\t\t\t\t\t\t\t\t<figure class=\"wp-caption\">\n\t\t\t\t\t\t\t\t\t\t<img loading=\"lazy\" decoding=\"async\" width=\"684\" height=\"1024\" src=\"https:\/\/mertsilindgren.fi\/wp-content\/uploads\/2025\/08\/Suora-lahetys-joulukuvat-osa-2-\u00a9-Ville-Huuri-@huuricreative-48-684x1024.jpg\" class=\"attachment-large size-large wp-image-22\" alt=\"\" srcset=\"https:\/\/mertsilindgren.fi\/wp-content\/uploads\/2025\/08\/Suora-lahetys-joulukuvat-osa-2-\u00a9-Ville-Huuri-@huuricreative-48-684x1024.jpg 684w, https:\/\/mertsilindgren.fi\/wp-content\/uploads\/2025\/08\/Suora-lahetys-joulukuvat-osa-2-\u00a9-Ville-Huuri-@huuricreative-48-200x300.jpg 200w, https:\/\/mertsilindgren.fi\/wp-content\/uploads\/2025\/08\/Suora-lahetys-joulukuvat-osa-2-\u00a9-Ville-Huuri-@huuricreative-48-768x1150.jpg 768w, https:\/\/mertsilindgren.fi\/wp-content\/uploads\/2025\/08\/Suora-lahetys-joulukuvat-osa-2-\u00a9-Ville-Huuri-@huuricreative-48-1025x1536.jpg 1025w, https:\/\/mertsilindgren.fi\/wp-content\/uploads\/2025\/08\/Suora-lahetys-joulukuvat-osa-2-\u00a9-Ville-Huuri-@huuricreative-48-1367x2048.jpg 1367w, https:\/\/mertsilindgren.fi\/wp-content\/uploads\/2025\/08\/Suora-lahetys-joulukuvat-osa-2-\u00a9-Ville-Huuri-@huuricreative-48-scaled.jpg 1709w\" sizes=\"(max-width: 684px) 100vw, 684px\" \/>\t\t\t\t\t\t\t\t\t\t\t<figcaption class=\"widget-image-caption wp-caption-text\">\u00a9 Ville Huuri<\/figcaption>\n\t\t\t\t\t\t\t\t\t\t<\/figure>\n\t\t\t\t\t\t\t\t\t<\/div>\n\t\t\t\t<div class=\"elementor-element elementor-element-3391655 elementor-invisible elementor-widget elementor-widget-button\" data-id=\"3391655\" data-element_type=\"widget\" data-settings=\"{&quot;_animation&quot;:&quot;fadeInUp&quot;}\" data-widget_type=\"button.default\">\n\t\t\t\t\t\t\t\t\t\t<a class=\"elementor-button elementor-button-link elementor-size-sm\" href=\"https:\/\/1drv.ms\/i\/c\/c3124481a6c85c2d\/EVg6i723lEBEtM7BFOd-lOEBlU1wNnzL9ygU_hJxEmowtw?e=8GCaBm\">\n\t\t\t\t\t\t<span class=\"elementor-button-content-wrapper\">\n\t\t\t\t\t\t<span class=\"elementor-button-icon\">\n\t\t\t\t<svg aria-hidden=\"true\" class=\"e-font-icon-svg e-fas-download\" viewBox=\"0 0 512 512\" xmlns=\"http:\/\/www.w3.org\/2000\/svg\"><path d=\"M216 0h80c13.3 0 24 10.7 24 24v168h87.7c17.8 0 26.7 21.5 14.1 34.1L269.7 378.3c-7.5 7.5-19.8 7.5-27.3 0L90.1 226.1c-12.6-12.6-3.7-34.1 14.1-34.1H192V24c0-13.3 10.7-24 24-24zm296 376v112c0 13.3-10.7 24-24 24H24c-13.3 0-24-10.7-24-24V376c0-13.3 10.7-24 24-24h146.7l49 49c20.1 20.1 52.5 20.1 72.6 0l49-49H488c13.3 0 24 10.7 24 24zm-124 88c0-11-9-20-20-20s-20 9-20 20 9 20 20 20 20-9 20-20zm64 0c0-11-9-20-20-20s-20 9-20 20 9 20 20 20 20-9 20-20z\"><\/path><\/svg>\t\t\t<\/span>\n\t\t\t\t\t\t\t\t\t<span class=\"elementor-button-text\">lataa<\/span>\n\t\t\t\t\t<\/span>\n\t\t\t\t\t<\/a>\n\t\t\t\t\t\t\t\t<\/div>\n\t\t\t\t\t<\/div>\n\t\t\t\t<\/div>\n\t\t<div class=\"elementor-element elementor-element-f3eeda1 e-con-full e-flex wpr-particle-no wpr-jarallax-no wpr-parallax-no wpr-sticky-section-no e-con e-child\" data-id=\"f3eeda1\" data-element_type=\"container\">\n\t\t\t\t<div class=\"elementor-element elementor-element-a8f4cdb elementor-invisible elementor-widget elementor-widget-image\" data-id=\"a8f4cdb\" data-element_type=\"widget\" data-settings=\"{&quot;_animation&quot;:&quot;fadeInUp&quot;}\" data-widget_type=\"image.default\">\n\t\t\t\t\t\t\t\t\t\t\t\t<figure class=\"wp-caption\">\n\t\t\t\t\t\t\t\t\t\t<img loading=\"lazy\" decoding=\"async\" width=\"1024\" height=\"684\" src=\"https:\/\/mertsilindgren.fi\/wp-content\/uploads\/2025\/08\/Suora-lahetys-joulukuvat-osa-2-\u00a9-Ville-Huuri-@huuricreative-49-1024x684.jpg\" class=\"attachment-large size-large wp-image-23\" alt=\"\" srcset=\"https:\/\/mertsilindgren.fi\/wp-content\/uploads\/2025\/08\/Suora-lahetys-joulukuvat-osa-2-\u00a9-Ville-Huuri-@huuricreative-49-1024x684.jpg 1024w, https:\/\/mertsilindgren.fi\/wp-content\/uploads\/2025\/08\/Suora-lahetys-joulukuvat-osa-2-\u00a9-Ville-Huuri-@huuricreative-49-300x200.jpg 300w, https:\/\/mertsilindgren.fi\/wp-content\/uploads\/2025\/08\/Suora-lahetys-joulukuvat-osa-2-\u00a9-Ville-Huuri-@huuricreative-49-768x513.jpg 768w, https:\/\/mertsilindgren.fi\/wp-content\/uploads\/2025\/08\/Suora-lahetys-joulukuvat-osa-2-\u00a9-Ville-Huuri-@huuricreative-49-1536x1025.jpg 1536w, https:\/\/mertsilindgren.fi\/wp-content\/uploads\/2025\/08\/Suora-lahetys-joulukuvat-osa-2-\u00a9-Ville-Huuri-@huuricreative-49-2048x1367.jpg 2048w\" sizes=\"(max-width: 1024px) 100vw, 1024px\" \/>\t\t\t\t\t\t\t\t\t\t\t<figcaption class=\"widget-image-caption wp-caption-text\">\u00a9 Ville Huuri<\/figcaption>\n\t\t\t\t\t\t\t\t\t\t<\/figure>\n\t\t\t\t\t\t\t\t\t<\/div>\n\t\t\t\t<div class=\"elementor-element elementor-element-b40920f elementor-invisible elementor-widget elementor-widget-button\" data-id=\"b40920f\" data-element_type=\"widget\" data-settings=\"{&quot;_animation&quot;:&quot;fadeInUp&quot;}\" data-widget_type=\"button.default\">\n\t\t\t\t\t\t\t\t\t\t<a class=\"elementor-button elementor-button-link elementor-size-sm\" href=\"https:\/\/1drv.ms\/i\/c\/c3124481a6c85c2d\/EdcLt6FJPF5IqHFBFRvHiA4BQWfBPjZ1oj-62L9a1IiVBQ?e=O4aZIM\">\n\t\t\t\t\t\t<span class=\"elementor-button-content-wrapper\">\n\t\t\t\t\t\t<span class=\"elementor-button-icon\">\n\t\t\t\t<svg aria-hidden=\"true\" class=\"e-font-icon-svg e-fas-download\" viewBox=\"0 0 512 512\" xmlns=\"http:\/\/www.w3.org\/2000\/svg\"><path d=\"M216 0h80c13.3 0 24 10.7 24 24v168h87.7c17.8 0 26.7 21.5 14.1 34.1L269.7 378.3c-7.5 7.5-19.8 7.5-27.3 0L90.1 226.1c-12.6-12.6-3.7-34.1 14.1-34.1H192V24c0-13.3 10.7-24 24-24zm296 376v112c0 13.3-10.7 24-24 24H24c-13.3 0-24-10.7-24-24V376c0-13.3 10.7-24 24-24h146.7l49 49c20.1 20.1 52.5 20.1 72.6 0l49-49H488c13.3 0 24 10.7 24 24zm-124 88c0-11-9-20-20-20s-20 9-20 20 9 20 20 20 20-9 20-20zm64 0c0-11-9-20-20-20s-20 9-20 20 9 20 20 20 20-9 20-20z\"><\/path><\/svg>\t\t\t<\/span>\n\t\t\t\t\t\t\t\t\t<span class=\"elementor-button-text\">lataa<\/span>\n\t\t\t\t\t<\/span>\n\t\t\t\t\t<\/a>\n\t\t\t\t\t\t\t\t<\/div>\n\t\t\t\t<div class=\"elementor-element elementor-element-dc435e1 elementor-invisible elementor-widget elementor-widget-image\" data-id=\"dc435e1\" data-element_type=\"widget\" data-settings=\"{&quot;_animation&quot;:&quot;fadeInUp&quot;}\" data-widget_type=\"image.default\">\n\t\t\t\t\t\t\t\t\t\t\t\t<figure class=\"wp-caption\">\n\t\t\t\t\t\t\t\t\t\t<img loading=\"lazy\" decoding=\"async\" width=\"684\" height=\"1024\" src=\"https:\/\/mertsilindgren.fi\/wp-content\/uploads\/2025\/08\/Suora-lahetys-joulukuvat-osa-2-\u00a9-Ville-Huuri-@huuricreative-50-684x1024.jpg\" class=\"attachment-large size-large wp-image-24\" alt=\"\" srcset=\"https:\/\/mertsilindgren.fi\/wp-content\/uploads\/2025\/08\/Suora-lahetys-joulukuvat-osa-2-\u00a9-Ville-Huuri-@huuricreative-50-684x1024.jpg 684w, https:\/\/mertsilindgren.fi\/wp-content\/uploads\/2025\/08\/Suora-lahetys-joulukuvat-osa-2-\u00a9-Ville-Huuri-@huuricreative-50-200x300.jpg 200w, https:\/\/mertsilindgren.fi\/wp-content\/uploads\/2025\/08\/Suora-lahetys-joulukuvat-osa-2-\u00a9-Ville-Huuri-@huuricreative-50-768x1150.jpg 768w, https:\/\/mertsilindgren.fi\/wp-content\/uploads\/2025\/08\/Suora-lahetys-joulukuvat-osa-2-\u00a9-Ville-Huuri-@huuricreative-50-1025x1536.jpg 1025w, https:\/\/mertsilindgren.fi\/wp-content\/uploads\/2025\/08\/Suora-lahetys-joulukuvat-osa-2-\u00a9-Ville-Huuri-@huuricreative-50-1367x2048.jpg 1367w, https:\/\/mertsilindgren.fi\/wp-content\/uploads\/2025\/08\/Suora-lahetys-joulukuvat-osa-2-\u00a9-Ville-Huuri-@huuricreative-50-scaled.jpg 1709w\" sizes=\"(max-width: 684px) 100vw, 684px\" \/>\t\t\t\t\t\t\t\t\t\t\t<figcaption class=\"widget-image-caption wp-caption-text\">\u00a9 Ville Huuri<\/figcaption>\n\t\t\t\t\t\t\t\t\t\t<\/figure>\n\t\t\t\t\t\t\t\t\t<\/div>\n\t\t\t\t<div class=\"elementor-element elementor-element-1e5088b elementor-invisible elementor-widget elementor-widget-button\" data-id=\"1e5088b\" data-element_type=\"widget\" data-settings=\"{&quot;_animation&quot;:&quot;fadeInUp&quot;}\" data-widget_type=\"button.default\">\n\t\t\t\t\t\t\t\t\t\t<a class=\"elementor-button elementor-button-link elementor-size-sm\" href=\"https:\/\/1drv.ms\/i\/c\/c3124481a6c85c2d\/ESGHoCACEzROvqfUN9kPytgBIBFk07DIMj6tXUUvfeqhMQ?e=H5xZ1P\">\n\t\t\t\t\t\t<span class=\"elementor-button-content-wrapper\">\n\t\t\t\t\t\t<span class=\"elementor-button-icon\">\n\t\t\t\t<svg aria-hidden=\"true\" class=\"e-font-icon-svg e-fas-download\" viewBox=\"0 0 512 512\" xmlns=\"http:\/\/www.w3.org\/2000\/svg\"><path d=\"M216 0h80c13.3 0 24 10.7 24 24v168h87.7c17.8 0 26.7 21.5 14.1 34.1L269.7 378.3c-7.5 7.5-19.8 7.5-27.3 0L90.1 226.1c-12.6-12.6-3.7-34.1 14.1-34.1H192V24c0-13.3 10.7-24 24-24zm296 376v112c0 13.3-10.7 24-24 24H24c-13.3 0-24-10.7-24-24V376c0-13.3 10.7-24 24-24h146.7l49 49c20.1 20.1 52.5 20.1 72.6 0l49-49H488c13.3 0 24 10.7 24 24zm-124 88c0-11-9-20-20-20s-20 9-20 20 9 20 20 20 20-9 20-20zm64 0c0-11-9-20-20-20s-20 9-20 20 9 20 20 20 20-9 20-20z\"><\/path><\/svg>\t\t\t<\/span>\n\t\t\t\t\t\t\t\t\t<span class=\"elementor-button-text\">lataa<\/span>\n\t\t\t\t\t<\/span>\n\t\t\t\t\t<\/a>\n\t\t\t\t\t\t\t\t<\/div>\n\t\t\t\t<\/div>\n\t\t\t\t<\/div>\n\t\t\t\t\t<\/div>\n\t\t\t\t<\/div>\n\t\t\t\t<\/div>\n\t\t","protected":false},"excerpt":{"rendered":"<p>Kuvapankki Media ja keikkaj\u00e4rjest\u00e4j\u00e4t voivat ladata Kuvia, kunhan k\u00e4yt\u00f6n yhteydess\u00e4 merkitsee kuvaajan \u00a9 Dimitri Gr\u00f6nfors lataa \u00a9 Dimitri Gr\u00f6nfors lataa \u00a9 Dimitri Gr\u00f6nfors lataa \u00a9 Ville Huuri lataa \u00a9 Ville Huuri lataa \u00a9 Ville Huuri lataa<\/p>\n","protected":false},"author":1,"featured_media":0,"parent":0,"menu_order":0,"comment_status":"closed","ping_status":"closed","template":"elementor_header_footer","meta":{"site-sidebar-layout":"no-sidebar","site-content-layout":"","ast-site-content-layout":"full-width-container","site-content-style":"default","site-sidebar-style":"default","ast-global-header-display":"","ast-banner-title-visibility":"","ast-main-header-display":"","ast-hfb-above-header-display":"","ast-hfb-below-header-display":"","ast-hfb-mobile-header-display":"","site-post-title":"","ast-breadcrumbs-content":"","ast-featured-img":"disabled","footer-sml-layout":"","theme-transparent-header-meta":"","adv-header-id-meta":"","stick-header-meta":"","header-above-stick-meta":"","header-main-stick-meta":"","header-below-stick-meta":"","astra-migrate-meta-layouts":"default","ast-page-background-enabled":"default","ast-page-background-meta":{"desktop":{"background-color":"var(--ast-global-color-5)","background-image":"","background-repeat":"repeat","background-position":"center center","background-size":"auto","background-attachment":"scroll","background-type":"","background-media":"","overlay-type":"","overlay-color":"","overlay-opacity":"","overlay-gradient":""},"tablet":{"background-color":"","background-image":"","background-repeat":"repeat","background-position":"center center","background-size":"auto","background-attachment":"scroll","background-type":"","background-media":"","overlay-type":"","overlay-color":"","overlay-opacity":"","overlay-gradient":""},"mobile":{"background-color":"","background-image":"","background-repeat":"repeat","background-position":"center center","background-size":"auto","background-attachment":"scroll","background-type":"","background-media":"","overlay-type":"","overlay-color":"","overlay-opacity":"","overlay-gradient":""}},"ast-content-background-meta":{"desktop":{"background-color":"var(--ast-global-color-4)","background-image":"","background-repeat":"repeat","background-position":"center center","background-size":"auto","background-attachment":"scroll","background-type":"","background-media":"","overlay-type":"","overlay-color":"","overlay-opacity":"","overlay-gradient":""},"tablet":{"background-color":"var(--ast-global-color-4)","background-image":"","background-repeat":"repeat","background-position":"center center","background-size":"auto","background-attachment":"scroll","background-type":"","background-media":"","overlay-type":"","overlay-color":"","overlay-opacity":"","overlay-gradient":""},"mobile":{"background-color":"var(--ast-global-color-4)","background-image":"","background-repeat":"repeat","background-position":"center center","background-size":"auto","background-attachment":"scroll","background-type":"","background-media":"","overlay-type":"","overlay-color":"","overlay-opacity":"","overlay-gradient":""}},"footnotes":""},"class_list":["post-172","page","type-page","status-publish","hentry"],"_links":{"self":[{"href":"https:\/\/mertsilindgren.fi\/index.php\/wp-json\/wp\/v2\/pages\/172","targetHints":{"allow":["GET"]}}],"collection":[{"href":"https:\/\/mertsilindgren.fi\/index.php\/wp-json\/wp\/v2\/pages"}],"about":[{"href":"https:\/\/mertsilindgren.fi\/index.php\/wp-json\/wp\/v2\/types\/page"}],"author":[{"embeddable":true,"href":"https:\/\/mertsilindgren.fi\/index.php\/wp-json\/wp\/v2\/users\/1"}],"replies":[{"embeddable":true,"href":"https:\/\/mertsilindgren.fi\/index.php\/wp-json\/wp\/v2\/comments?post=172"}],"version-history":[{"count":22,"href":"https:\/\/mertsilindgren.fi\/index.php\/wp-json\/wp\/v2\/pages\/172\/revisions"}],"predecessor-version":[{"id":224,"href":"https:\/\/mertsilindgren.fi\/index.php\/wp-json\/wp\/v2\/pages\/172\/revisions\/224"}],"wp:attachment":[{"href":"https:\/\/mertsilindgren.fi\/index.php\/wp-json\/wp\/v2\/media?parent=172"}],"curies":[{"name":"wp","href":"https:\/\/api.w.org\/{rel}","templated":true}]}}